{"id":79,"date":"2025-03-06T05:39:33","date_gmt":"2025-03-06T05:39:33","guid":{"rendered":"https:\/\/artmxproduce.2030agencia.com\/?post_type=product&#038;p=79"},"modified":"2025-05-20T20:36:56","modified_gmt":"2025-05-20T20:36:56","slug":"tomatillo","status":"publish","type":"product","link":"https:\/\/artmxproduce.com\/en\/product\/tomatillo\/","title":{"rendered":"Tomatillo sin c\u00e1scara"},"content":{"rendered":"<p>Es un fruto peque\u00f1o, esf\u00e9rico y de color verde, aunque algunas variedades pueden presentar tonalidad amarillas o moradas al madurar. Tiene un di\u00e1metro de 2 a 5 cm. Este envuelto en una cascara que se seca cuando madura. Tiene un sabor acido y ligeramente dulce. Es rico en vitamina C, antioxidantes y fibra. Ingrediente clave en la cocina mexicana, utilizado para un fin de salsas y platillo tradicionales.<\/p>","protected":false},"excerpt":{"rendered":"<p>The tomatillo is a small, spherical fruit enclosed in a dry husk when ripe. With a tart and slightly sweet flavor, it is a key ingredient in Mexican cuisine, especially in sauces. It is rich in vitamin C, antioxidants, and fiber.<\/p>","protected":false},"featured_media":1017,"comment_status":"open","ping_status":"closed","template":"","meta":{"site-sidebar-layout":"default","site-content-layout":"","ast-site-content-layout":"default","site-content-style":"default","site-sidebar-style":"default","ast-global-header-display":"","ast-banner-title-visibility":"","ast-main-header-display":"","ast-hfb-above-header-display":"","ast-hfb-below-header-display":"","ast-hfb-mobile-header-display":"","site-post-title":"","ast-breadcrumbs-content":"","ast-featured-img":"","footer-sml-layout":"","theme-transparent-header-meta":"default","adv-header-id-meta":"","stick-header-meta":"","header-above-stick-meta":"","header-main-stick-meta":"","header-below-stick-meta":"","astra-migrate-meta-layouts":"set","ast-page-background-enabled":"default","ast-page-background-meta":{"desktop":{"background-color":"var(--ast-global-color-5)","background-image":"","background-repeat":"repeat","background-position":"center center","background-size":"auto","background-attachment":"scroll","background-type":"","background-media":"","overlay-type":"","overlay-color":"","overlay-opacity":"","overlay-gradient":""},"tablet":{"background-color":"","background-image":"","background-repeat":"repeat","background-position":"center center","background-size":"auto","background-attachment":"scroll","background-type":"","background-media":"","overlay-type":"","overlay-color":"","overlay-opacity":"","overlay-gradient":""},"mobile":{"background-color":"","background-image":"","background-repeat":"repeat","background-position":"center center","background-size":"auto","background-attachment":"scroll","background-type":"","background-media":"","overlay-type":"","overlay-color":"","overlay-opacity":"","overlay-gradient":""}},"ast-content-background-meta":{"desktop":{"background-color":"var(--ast-global-color-4)","background-image":"","background-repeat":"repeat","background-position":"center center","background-size":"auto","background-attachment":"scroll","background-type":"","background-media":"","overlay-type":"","overlay-color":"","overlay-opacity":"","overlay-gradient":""},"tablet":{"background-color":"var(--ast-global-color-4)","background-image":"","background-repeat":"repeat","background-position":"center center","background-size":"auto","background-attachment":"scroll","background-type":"","background-media":"","overlay-type":"","overlay-color":"","overlay-opacity":"","overlay-gradient":""},"mobile":{"background-color":"var(--ast-global-color-4)","background-image":"","background-repeat":"repeat","background-position":"center center","background-size":"auto","background-attachment":"scroll","background-type":"","background-media":"","overlay-type":"","overlay-color":"","overlay-opacity":"","overlay-gradient":""}}},"product_brand":[],"product_cat":[20],"product_tag":[],"class_list":{"0":"post-79","1":"product","2":"type-product","3":"status-publish","4":"has-post-thumbnail","6":"product_cat-vegetales","7":"desktop-align-left","8":"tablet-align-left","9":"mobile-align-left","11":"first","12":"instock","13":"shipping-taxable","14":"product-type-simple"},"_links":{"self":[{"href":"https:\/\/artmxproduce.com\/en\/wp-json\/wp\/v2\/product\/79","targetHints":{"allow":["GET"]}}],"collection":[{"href":"https:\/\/artmxproduce.com\/en\/wp-json\/wp\/v2\/product"}],"about":[{"href":"https:\/\/artmxproduce.com\/en\/wp-json\/wp\/v2\/types\/product"}],"replies":[{"embeddable":true,"href":"https:\/\/artmxproduce.com\/en\/wp-json\/wp\/v2\/comments?post=79"}],"wp:featuredmedia":[{"embeddable":true,"href":"https:\/\/artmxproduce.com\/en\/wp-json\/wp\/v2\/media\/1017"}],"wp:attachment":[{"href":"https:\/\/artmxproduce.com\/en\/wp-json\/wp\/v2\/media?parent=79"}],"wp:term":[{"taxonomy":"product_brand","embeddable":true,"href":"https:\/\/artmxproduce.com\/en\/wp-json\/wp\/v2\/product_brand?post=79"},{"taxonomy":"product_cat","embeddable":true,"href":"https:\/\/artmxproduce.com\/en\/wp-json\/wp\/v2\/product_cat?post=79"},{"taxonomy":"product_tag","embeddable":true,"href":"https:\/\/artmxproduce.com\/en\/wp-json\/wp\/v2\/product_tag?post=79"}],"curies":[{"name":"wp","href":"https:\/\/api.w.org\/{rel}","templated":true}]}}