{"id":58,"date":"2025-03-05T21:58:00","date_gmt":"2025-03-05T21:58:00","guid":{"rendered":"https:\/\/artmxproduce.2030agencia.com\/?post_type=product&#038;p=58"},"modified":"2025-04-24T21:29:51","modified_gmt":"2025-04-24T21:29:51","slug":"nanche","status":"publish","type":"product","link":"https:\/\/artmxproduce.com\/en\/product\/nanche\/","title":{"rendered":"Nance"},"content":{"rendered":"<p>El nanche es un \u00e1rbol o arbusto que alcanza entre los 5 y 10 metros de altura. Su fruto es una drupa globosa aproximadamente 2 cm de di\u00e1metro, con una piel delgada que var\u00eda del amarillo al rojo en su maduraci\u00f3n. Su pulpa es jugosa, de sabor agridulce y aroma fuerte, y contiene una semilla dura y redonda en su interior. Se puede consumir directamente cuando este maduro, en la elaboraci\u00f3n de mermeladas, jaleas, ates, almibares, helados, nieves, gelatinas, licores, cremas, atoles y aguas frescas. Contiene vitamina C, calcio y fosforo. Contiene compuestos que ayudan a combatir el estr\u00e9s oxidativo en el organismo y para tratar afecciones digestivas, respiratorias y cut\u00e1neas.<\/p>","protected":false},"excerpt":{"rendered":"<p>Nance is a small, round fruit with thin skin and juicy pulp, known for its sweet and tangy flavor and strong aroma. Rich in vitamin C, calcium, and phosphorus, it is consumed fresh or used in desserts, beverages, and liqueurs, offering antioxidant and digestive benefits.<\/p>","protected":false},"featured_media":2279,"comment_status":"open","ping_status":"closed","template":"","meta":{"site-sidebar-layout":"default","site-content-layout":"","ast-site-content-layout":"default","site-content-style":"default","site-sidebar-style":"default","ast-global-header-display":"","ast-banner-title-visibility":"","ast-main-header-display":"","ast-hfb-above-header-display":"","ast-hfb-below-header-display":"","ast-hfb-mobile-header-display":"","site-post-title":"","ast-breadcrumbs-content":"","ast-featured-img":"","footer-sml-layout":"","theme-transparent-header-meta":"default","adv-header-id-meta":"","stick-header-meta":"","header-above-stick-meta":"","header-main-stick-meta":"","header-below-stick-meta":"","astra-migrate-meta-layouts":"set","ast-page-background-enabled":"default","ast-page-background-meta":{"desktop":{"background-color":"var(--ast-global-color-5)","background-image":"","background-repeat":"repeat","background-position":"center center","background-size":"auto","background-attachment":"scroll","background-type":"","background-media":"","overlay-type":"","overlay-color":"","overlay-opacity":"","overlay-gradient":""},"tablet":{"background-color":"","background-image":"","background-repeat":"repeat","background-position":"center center","background-size":"auto","background-attachment":"scroll","background-type":"","background-media":"","overlay-type":"","overlay-color":"","overlay-opacity":"","overlay-gradient":""},"mobile":{"background-color":"","background-image":"","background-repeat":"repeat","background-position":"center center","background-size":"auto","background-attachment":"scroll","background-type":"","background-media":"","overlay-type":"","overlay-color":"","overlay-opacity":"","overlay-gradient":""}},"ast-content-background-meta":{"desktop":{"background-color":"var(--ast-global-color-4)","background-image":"","background-repeat":"repeat","background-position":"center center","background-size":"auto","background-attachment":"scroll","background-type":"","background-media":"","overlay-type":"","overlay-color":"","overlay-opacity":"","overlay-gradient":""},"tablet":{"background-color":"var(--ast-global-color-4)","background-image":"","background-repeat":"repeat","background-position":"center center","background-size":"auto","background-attachment":"scroll","background-type":"","background-media":"","overlay-type":"","overlay-color":"","overlay-opacity":"","overlay-gradient":""},"mobile":{"background-color":"var(--ast-global-color-4)","background-image":"","background-repeat":"repeat","background-position":"center center","background-size":"auto","background-attachment":"scroll","background-type":"","background-media":"","overlay-type":"","overlay-color":"","overlay-opacity":"","overlay-gradient":""}}},"product_brand":[],"product_cat":[21],"product_tag":[],"class_list":{"0":"post-58","1":"product","2":"type-product","3":"status-publish","4":"has-post-thumbnail","6":"product_cat-exoticos","7":"desktop-align-left","8":"tablet-align-left","9":"mobile-align-left","11":"first","12":"instock","13":"shipping-taxable","14":"product-type-simple"},"_links":{"self":[{"href":"https:\/\/artmxproduce.com\/en\/wp-json\/wp\/v2\/product\/58","targetHints":{"allow":["GET"]}}],"collection":[{"href":"https:\/\/artmxproduce.com\/en\/wp-json\/wp\/v2\/product"}],"about":[{"href":"https:\/\/artmxproduce.com\/en\/wp-json\/wp\/v2\/types\/product"}],"replies":[{"embeddable":true,"href":"https:\/\/artmxproduce.com\/en\/wp-json\/wp\/v2\/comments?post=58"}],"wp:featuredmedia":[{"embeddable":true,"href":"https:\/\/artmxproduce.com\/en\/wp-json\/wp\/v2\/media\/2279"}],"wp:attachment":[{"href":"https:\/\/artmxproduce.com\/en\/wp-json\/wp\/v2\/media?parent=58"}],"wp:term":[{"taxonomy":"product_brand","embeddable":true,"href":"https:\/\/artmxproduce.com\/en\/wp-json\/wp\/v2\/product_brand?post=58"},{"taxonomy":"product_cat","embeddable":true,"href":"https:\/\/artmxproduce.com\/en\/wp-json\/wp\/v2\/product_cat?post=58"},{"taxonomy":"product_tag","embeddable":true,"href":"https:\/\/artmxproduce.com\/en\/wp-json\/wp\/v2\/product_tag?post=58"}],"curies":[{"name":"wp","href":"https:\/\/api.w.org\/{rel}","templated":true}]}}