{"id":44,"date":"2025-03-05T21:38:04","date_gmt":"2025-03-05T21:38:04","guid":{"rendered":"https:\/\/artmxproduce.2030agencia.com\/?post_type=product&#038;p=44"},"modified":"2025-03-19T22:28:11","modified_gmt":"2025-03-19T22:28:11","slug":"chayote-cambray","status":"publish","type":"product","link":"https:\/\/artmxproduce.com\/en\/product\/chayote-cambray\/","title":{"rendered":"Cambray Chayote"},"content":{"rendered":"<p>Se distingue por su tama\u00f1o m\u00e1s peque\u00f1o y su textura tierna. Tiene una forma ovalada o ligeramente redonda, con una apariencia mas compacta. Mide aproximadamente de 5 a 10 cm de largo. Su cascara es fina y suave, de color amarillo muy claro. Puede consumirse sin necesidad de pelarlo. Su pulpa es tierna, de color blanco o amarillo p\u00e1lido. Tiene un sabor suave, ligeramente dulce y menos fibroso que otros chayotes. Posee una semilla central peque\u00f1a y comestible. Es ideal para guisos, sopas y ensaladas frescas despu\u00e9s de ser cocido o al vapor. Es bajo en calor\u00edas, rico en fibra, antioxidantes, vitaminas C y B6, y minerales como el potasio.<\/p>","protected":false},"excerpt":{"rendered":"<p>Yellow chayote is small, with thin, smooth skin and tender, less fibrous flesh. It has a mild, slightly sweet flavor. Ideal for stews, soups, and salads, it is rich in fiber, vitamins C and B6, and potassium.<\/p>","protected":false},"featured_media":1075,"comment_status":"open","ping_status":"closed","template":"","meta":{"site-sidebar-layout":"default","site-content-layout":"","ast-site-content-layout":"default","site-content-style":"default","site-sidebar-style":"default","ast-global-header-display":"","ast-banner-title-visibility":"","ast-main-header-display":"","ast-hfb-above-header-display":"","ast-hfb-below-header-display":"","ast-hfb-mobile-header-display":"","site-post-title":"","ast-breadcrumbs-content":"","ast-featured-img":"","footer-sml-layout":"","theme-transparent-header-meta":"default","adv-header-id-meta":"","stick-header-meta":"","header-above-stick-meta":"","header-main-stick-meta":"","header-below-stick-meta":"","astra-migrate-meta-layouts":"set","ast-page-background-enabled":"default","ast-page-background-meta":{"desktop":{"background-color":"var(--ast-global-color-5)","background-image":"","background-repeat":"repeat","background-position":"center center","background-size":"auto","background-attachment":"scroll","background-type":"","background-media":"","overlay-type":"","overlay-color":"","overlay-opacity":"","overlay-gradient":""},"tablet":{"background-color":"","background-image":"","background-repeat":"repeat","background-position":"center center","background-size":"auto","background-attachment":"scroll","background-type":"","background-media":"","overlay-type":"","overlay-color":"","overlay-opacity":"","overlay-gradient":""},"mobile":{"background-color":"","background-image":"","background-repeat":"repeat","background-position":"center center","background-size":"auto","background-attachment":"scroll","background-type":"","background-media":"","overlay-type":"","overlay-color":"","overlay-opacity":"","overlay-gradient":""}},"ast-content-background-meta":{"desktop":{"background-color":"var(--ast-global-color-4)","background-image":"","background-repeat":"repeat","background-position":"center center","background-size":"auto","background-attachment":"scroll","background-type":"","background-media":"","overlay-type":"","overlay-color":"","overlay-opacity":"","overlay-gradient":""},"tablet":{"background-color":"var(--ast-global-color-4)","background-image":"","background-repeat":"repeat","background-position":"center center","background-size":"auto","background-attachment":"scroll","background-type":"","background-media":"","overlay-type":"","overlay-color":"","overlay-opacity":"","overlay-gradient":""},"mobile":{"background-color":"var(--ast-global-color-4)","background-image":"","background-repeat":"repeat","background-position":"center center","background-size":"auto","background-attachment":"scroll","background-type":"","background-media":"","overlay-type":"","overlay-color":"","overlay-opacity":"","overlay-gradient":""}}},"product_brand":[],"product_cat":[20],"product_tag":[],"class_list":{"0":"post-44","1":"product","2":"type-product","3":"status-publish","4":"has-post-thumbnail","6":"product_cat-vegetales","7":"desktop-align-left","8":"tablet-align-left","9":"mobile-align-left","11":"first","12":"instock","13":"shipping-taxable","14":"product-type-simple"},"_links":{"self":[{"href":"https:\/\/artmxproduce.com\/en\/wp-json\/wp\/v2\/product\/44","targetHints":{"allow":["GET"]}}],"collection":[{"href":"https:\/\/artmxproduce.com\/en\/wp-json\/wp\/v2\/product"}],"about":[{"href":"https:\/\/artmxproduce.com\/en\/wp-json\/wp\/v2\/types\/product"}],"replies":[{"embeddable":true,"href":"https:\/\/artmxproduce.com\/en\/wp-json\/wp\/v2\/comments?post=44"}],"wp:featuredmedia":[{"embeddable":true,"href":"https:\/\/artmxproduce.com\/en\/wp-json\/wp\/v2\/media\/1075"}],"wp:attachment":[{"href":"https:\/\/artmxproduce.com\/en\/wp-json\/wp\/v2\/media?parent=44"}],"wp:term":[{"taxonomy":"product_brand","embeddable":true,"href":"https:\/\/artmxproduce.com\/en\/wp-json\/wp\/v2\/product_brand?post=44"},{"taxonomy":"product_cat","embeddable":true,"href":"https:\/\/artmxproduce.com\/en\/wp-json\/wp\/v2\/product_cat?post=44"},{"taxonomy":"product_tag","embeddable":true,"href":"https:\/\/artmxproduce.com\/en\/wp-json\/wp\/v2\/product_tag?post=44"}],"curies":[{"name":"wp","href":"https:\/\/api.w.org\/{rel}","templated":true}]}}