{"id":123,"date":"2025-03-06T06:23:22","date_gmt":"2025-03-06T06:23:22","guid":{"rendered":"https:\/\/artmxproduce.2030agencia.com\/?post_type=product&#038;p=123"},"modified":"2025-05-02T22:10:03","modified_gmt":"2025-05-02T22:10:03","slug":"cilantro","status":"publish","type":"product","link":"https:\/\/artmxproduce.com\/en\/product\/cilantro\/","title":{"rendered":"Cilantro"},"content":{"rendered":"<p>Es una hierba arom\u00e1tica ampliamente utilizada en la gastronom\u00eda de diversas culturas. Tiene hojas verdes brillantes y delicadas, similares a las del perejil, pero m\u00e1s peque\u00f1as y con bordes m\u00e1s irregulares. Sus tallos son delgados y de color verde claro. Su sabor es fresco, c\u00edtrico y ligeramente especiado. Se consumen tanto las hojas como los tallos frescos. Las semillas secas (llamadas coriandro) tambi\u00e9n son comestibles y tienen un sabor m\u00e1s terroso y especiado. Es un ingrediente esencial en salsas, guacamoles, ceviches, sopas, currys y adobos. Se usa como guarnici\u00f3n para dar frescura a los platillos. Es bajo en calor\u00edas y rico en antioxidantes, y en vitaminas A, C y K. Se le atribuyen propiedades digestivas, antiinflamatorias y desintoxicantes.<\/p>","protected":false},"excerpt":{"rendered":"<p>Aromatic herb with bright green leaves and slender stems, featuring a fresh, citrusy, and spicy flavor. It is consumed fresh in sauces, guacamoles, ceviches, and soups, while its dried seeds (coriander) have a more earthy taste. It is rich in antioxidants and vitamins A, C, and K, with digestive and anti-inflammatory properties.<\/p>","protected":false},"featured_media":2257,"comment_status":"open","ping_status":"closed","template":"","meta":{"site-sidebar-layout":"default","site-content-layout":"","ast-site-content-layout":"default","site-content-style":"default","site-sidebar-style":"default","ast-global-header-display":"","ast-banner-title-visibility":"","ast-main-header-display":"","ast-hfb-above-header-display":"","ast-hfb-below-header-display":"","ast-hfb-mobile-header-display":"","site-post-title":"","ast-breadcrumbs-content":"","ast-featured-img":"","footer-sml-layout":"","theme-transparent-header-meta":"default","adv-header-id-meta":"","stick-header-meta":"","header-above-stick-meta":"","header-main-stick-meta":"","header-below-stick-meta":"","astra-migrate-meta-layouts":"set","ast-page-background-enabled":"default","ast-page-background-meta":{"desktop":{"background-color":"var(--ast-global-color-5)","background-image":"","background-repeat":"repeat","background-position":"center center","background-size":"auto","background-attachment":"scroll","background-type":"","background-media":"","overlay-type":"","overlay-color":"","overlay-opacity":"","overlay-gradient":""},"tablet":{"background-color":"","background-image":"","background-repeat":"repeat","background-position":"center center","background-size":"auto","background-attachment":"scroll","background-type":"","background-media":"","overlay-type":"","overlay-color":"","overlay-opacity":"","overlay-gradient":""},"mobile":{"background-color":"","background-image":"","background-repeat":"repeat","background-position":"center center","background-size":"auto","background-attachment":"scroll","background-type":"","background-media":"","overlay-type":"","overlay-color":"","overlay-opacity":"","overlay-gradient":""}},"ast-content-background-meta":{"desktop":{"background-color":"var(--ast-global-color-4)","background-image":"","background-repeat":"repeat","background-position":"center center","background-size":"auto","background-attachment":"scroll","background-type":"","background-media":"","overlay-type":"","overlay-color":"","overlay-opacity":"","overlay-gradient":""},"tablet":{"background-color":"var(--ast-global-color-4)","background-image":"","background-repeat":"repeat","background-position":"center center","background-size":"auto","background-attachment":"scroll","background-type":"","background-media":"","overlay-type":"","overlay-color":"","overlay-opacity":"","overlay-gradient":""},"mobile":{"background-color":"var(--ast-global-color-4)","background-image":"","background-repeat":"repeat","background-position":"center center","background-size":"auto","background-attachment":"scroll","background-type":"","background-media":"","overlay-type":"","overlay-color":"","overlay-opacity":"","overlay-gradient":""}}},"product_brand":[],"product_cat":[54],"product_tag":[],"class_list":{"0":"post-123","1":"product","2":"type-product","3":"status-publish","4":"has-post-thumbnail","6":"product_cat-hierbas-culinarias","7":"desktop-align-left","8":"tablet-align-left","9":"mobile-align-left","11":"first","12":"instock","13":"shipping-taxable","14":"product-type-simple"},"_links":{"self":[{"href":"https:\/\/artmxproduce.com\/en\/wp-json\/wp\/v2\/product\/123","targetHints":{"allow":["GET"]}}],"collection":[{"href":"https:\/\/artmxproduce.com\/en\/wp-json\/wp\/v2\/product"}],"about":[{"href":"https:\/\/artmxproduce.com\/en\/wp-json\/wp\/v2\/types\/product"}],"replies":[{"embeddable":true,"href":"https:\/\/artmxproduce.com\/en\/wp-json\/wp\/v2\/comments?post=123"}],"wp:featuredmedia":[{"embeddable":true,"href":"https:\/\/artmxproduce.com\/en\/wp-json\/wp\/v2\/media\/2257"}],"wp:attachment":[{"href":"https:\/\/artmxproduce.com\/en\/wp-json\/wp\/v2\/media?parent=123"}],"wp:term":[{"taxonomy":"product_brand","embeddable":true,"href":"https:\/\/artmxproduce.com\/en\/wp-json\/wp\/v2\/product_brand?post=123"},{"taxonomy":"product_cat","embeddable":true,"href":"https:\/\/artmxproduce.com\/en\/wp-json\/wp\/v2\/product_cat?post=123"},{"taxonomy":"product_tag","embeddable":true,"href":"https:\/\/artmxproduce.com\/en\/wp-json\/wp\/v2\/product_tag?post=123"}],"curies":[{"name":"wp","href":"https:\/\/api.w.org\/{rel}","templated":true}]}}